{"id":2,"date":"2021-12-21T18:50:25","date_gmt":"2021-12-21T18:50:25","guid":{"rendered":"https:\/\/axxaconstruction.com\/?page_id=2"},"modified":"2022-04-29T16:03:38","modified_gmt":"2022-04-29T16:03:38","slug":"sample-page","status":"publish","type":"page","link":"https:\/\/axxaconstruction.com\/?page_id=2","title":{"rendered":"Contact"},"content":{"rendered":"\n<p>Pour nous contacter :<\/p>\n\n\n\n<p>AXXA Construction<br>T\u00e9l. 1-877-581-2329<\/p>\n","protected":false},"excerpt":{"rendered":"<p>Pour nous contacter : AXXA ConstructionT\u00e9l. 1-877-581-2329<\/p>\n","protected":false},"author":1,"featured_media":0,"parent":0,"menu_order":0,"comment_status":"closed","ping_status":"open","template":"","meta":{"footnotes":""},"class_list":["post-2","page","type-page","status-publish","hentry","entry"],"yoast_head":"<!-- This site is optimized with the Yoast SEO plugin v17.8 - https:\/\/yoast.com\/wordpress\/plugins\/seo\/ -->\n<title>Contact - Axxa Construction<\/title>\n<meta name=\"robots\" content=\"index, follow, max-snippet:-1, max-image-preview:large, max-video-preview:-1\" \/>\n<link rel=\"canonical\" href=\"https:\/\/axxaconstruction.com\/?page_id=2\" \/>\n<meta property=\"og:locale\" content=\"fr_CA\" \/>\n<meta property=\"og:type\" content=\"article\" \/>\n<meta property=\"og:title\" content=\"Contact - Axxa Construction\" \/>\n<meta property=\"og:description\" content=\"Pour nous contacter : AXXA ConstructionT\u00e9l. 1-877-581-2329\" \/>\n<meta property=\"og:url\" content=\"https:\/\/axxaconstruction.com\/?page_id=2\" \/>\n<meta property=\"og:site_name\" content=\"Axxa Construction\" \/>\n<meta property=\"article:modified_time\" content=\"2022-04-29T16:03:38+00:00\" \/>\n<meta name=\"twitter:card\" content=\"summary_large_image\" \/>\n<meta name=\"twitter:label1\" content=\"Estimation du temps de lecture\" \/>\n\t<meta name=\"twitter:data1\" content=\"1 minute\" \/>\n<script type=\"application\/ld+json\" class=\"yoast-schema-graph\">{\"@context\":\"https:\/\/schema.org\",\"@graph\":[{\"@type\":\"WebSite\",\"@id\":\"https:\/\/axxaconstruction.com\/#website\",\"url\":\"https:\/\/axxaconstruction.com\/\",\"name\":\"Axxa Construction\",\"description\":\"Construction de r\\u00e9seaux s\\u00e9curis\\u00e9s et priv\\u00e9s\",\"potentialAction\":[{\"@type\":\"SearchAction\",\"target\":{\"@type\":\"EntryPoint\",\"urlTemplate\":\"https:\/\/axxaconstruction.com\/?s={search_term_string}\"},\"query-input\":\"required name=search_term_string\"}],\"inLanguage\":\"fr-CA\"},{\"@type\":\"WebPage\",\"@id\":\"https:\/\/axxaconstruction.com\/?page_id=2#webpage\",\"url\":\"https:\/\/axxaconstruction.com\/?page_id=2\",\"name\":\"Contact - Axxa Construction\",\"isPartOf\":{\"@id\":\"https:\/\/axxaconstruction.com\/#website\"},\"datePublished\":\"2021-12-21T18:50:25+00:00\",\"dateModified\":\"2022-04-29T16:03:38+00:00\",\"breadcrumb\":{\"@id\":\"https:\/\/axxaconstruction.com\/?page_id=2#breadcrumb\"},\"inLanguage\":\"fr-CA\",\"potentialAction\":[{\"@type\":\"ReadAction\",\"target\":[\"https:\/\/axxaconstruction.com\/?page_id=2\"]}]},{\"@type\":\"BreadcrumbList\",\"@id\":\"https:\/\/axxaconstruction.com\/?page_id=2#breadcrumb\",\"itemListElement\":[{\"@type\":\"ListItem\",\"position\":1,\"name\":\"Accueil\",\"item\":\"https:\/\/axxaconstruction.com\/\"},{\"@type\":\"ListItem\",\"position\":2,\"name\":\"Contact\"}]}]}<\/script>\n<!-- \/ Yoast SEO plugin. -->","yoast_head_json":{"title":"Contact - Axxa Construction","robots":{"index":"index","follow":"follow","max-snippet":"max-snippet:-1","max-image-preview":"max-image-preview:large","max-video-preview":"max-video-preview:-1"},"canonical":"https:\/\/axxaconstruction.com\/?page_id=2","og_locale":"fr_CA","og_type":"article","og_title":"Contact - Axxa Construction","og_description":"Pour nous contacter : AXXA ConstructionT\u00e9l. 1-877-581-2329","og_url":"https:\/\/axxaconstruction.com\/?page_id=2","og_site_name":"Axxa Construction","article_modified_time":"2022-04-29T16:03:38+00:00","twitter_card":"summary_large_image","twitter_misc":{"Estimation du temps de lecture":"1 minute"},"schema":{"@context":"https:\/\/schema.org","@graph":[{"@type":"WebSite","@id":"https:\/\/axxaconstruction.com\/#website","url":"https:\/\/axxaconstruction.com\/","name":"Axxa Construction","description":"Construction de r\u00e9seaux s\u00e9curis\u00e9s et priv\u00e9s","potentialAction":[{"@type":"SearchAction","target":{"@type":"EntryPoint","urlTemplate":"https:\/\/axxaconstruction.com\/?s={search_term_string}"},"query-input":"required name=search_term_string"}],"inLanguage":"fr-CA"},{"@type":"WebPage","@id":"https:\/\/axxaconstruction.com\/?page_id=2#webpage","url":"https:\/\/axxaconstruction.com\/?page_id=2","name":"Contact - Axxa Construction","isPartOf":{"@id":"https:\/\/axxaconstruction.com\/#website"},"datePublished":"2021-12-21T18:50:25+00:00","dateModified":"2022-04-29T16:03:38+00:00","breadcrumb":{"@id":"https:\/\/axxaconstruction.com\/?page_id=2#breadcrumb"},"inLanguage":"fr-CA","potentialAction":[{"@type":"ReadAction","target":["https:\/\/axxaconstruction.com\/?page_id=2"]}]},{"@type":"BreadcrumbList","@id":"https:\/\/axxaconstruction.com\/?page_id=2#breadcrumb","itemListElement":[{"@type":"ListItem","position":1,"name":"Accueil","item":"https:\/\/axxaconstruction.com\/"},{"@type":"ListItem","position":2,"name":"Contact"}]}]}},"_links":{"self":[{"href":"https:\/\/axxaconstruction.com\/index.php?rest_route=\/wp\/v2\/pages\/2","targetHints":{"allow":["GET"]}}],"collection":[{"href":"https:\/\/axxaconstruction.com\/index.php?rest_route=\/wp\/v2\/pages"}],"about":[{"href":"https:\/\/axxaconstruction.com\/index.php?rest_route=\/wp\/v2\/types\/page"}],"author":[{"embeddable":true,"href":"https:\/\/axxaconstruction.com\/index.php?rest_route=\/wp\/v2\/users\/1"}],"replies":[{"embeddable":true,"href":"https:\/\/axxaconstruction.com\/index.php?rest_route=%2Fwp%2Fv2%2Fcomments&post=2"}],"version-history":[{"count":3,"href":"https:\/\/axxaconstruction.com\/index.php?rest_route=\/wp\/v2\/pages\/2\/revisions"}],"predecessor-version":[{"id":45,"href":"https:\/\/axxaconstruction.com\/index.php?rest_route=\/wp\/v2\/pages\/2\/revisions\/45"}],"wp:attachment":[{"href":"https:\/\/axxaconstruction.com\/index.php?rest_route=%2Fwp%2Fv2%2Fmedia&parent=2"}],"curies":[{"name":"wp","href":"https:\/\/api.w.org\/{rel}","templated":true}]}}